{"id":1814,"date":"2022-06-22T17:43:30","date_gmt":"2022-06-22T15:43:30","guid":{"rendered":"https:\/\/marinasantandrea.it\/bandiera-blu\/"},"modified":"2023-03-28T10:18:38","modified_gmt":"2023-03-28T08:18:38","slug":"bandiera-blu","status":"publish","type":"page","link":"https:\/\/marinasantandrea.it\/de\/bandiera-blu\/","title":{"rendered":"Bandiera Blu"},"content":{"rendered":"<p>[et_pb_section fb_built=&#8220;1&#8243; custom_padding_last_edited=&#8220;on|phone&#8220; admin_label=&#8220;Header&#8220; _builder_version=&#8220;4.9.9&#8243; _module_preset=&#8220;default&#8220; use_background_color_gradient=&#8220;on&#8220; background_color_gradient_start=&#8220;rgba(19,43,56,0.4)&#8220; background_color_gradient_end=&#8220;#132b38&#8243; background_color_gradient_overlays_image=&#8220;on&#8220; background_image=&#8220;https:\/\/marinasantandrea.it\/wp-content\/uploads\/2021\/09\/blue_flag_rgb-705&#215;529-1.jpeg&#8220; custom_padding=&#8220;3%||0px||false|false&#8220; custom_padding_tablet=&#8220;3%||||false|false&#8220; custom_padding_phone=&#8220;3%||||false|false&#8220; use_background_color_gradient_tablet=&#8220;on&#8220; background_color_gradient_start_tablet=&#8220;rgba(255,255,255,0.6)&#8220; background_color_gradient_end_tablet=&#8220;rgba(255,255,255,0.6)&#8220; locked=&#8220;off&#8220; global_colors_info=&#8220;{}&#8220;][et_pb_row _builder_version=&#8220;4.9.10&#8243; _module_preset=&#8220;default&#8220; locked=&#8220;off&#8220; global_colors_info=&#8220;{}&#8220;][et_pb_column type=&#8220;4_4&#8243; _builder_version=&#8220;4.9.10&#8243; _module_preset=&#8220;default&#8220; global_colors_info=&#8220;{}&#8220;][et_pb_text _builder_version=&#8220;4.9.9&#8243; _dynamic_attributes=&#8220;content&#8220; _module_preset=&#8220;d72c0383-6487-4f2c-ac5c-7d48a6376757&#8243; text_font=&#8220;Playfair Display|700|||||||&#8220; text_font_size=&#8220;100px&#8220; text_line_height=&#8220;1.8em&#8220; header_font=&#8220;Playfair Display||||||||&#8220; header_text_align=&#8220;center&#8220; header_text_color=&#8220;#FFFFFF&#8220; header_font_size=&#8220;120px&#8220; background_layout=&#8220;dark&#8220; custom_margin=&#8220;|-10%|||false|false&#8220; custom_margin_tablet=&#8220;|0%|||false|false&#8220; custom_margin_phone=&#8220;&#8220; custom_margin_last_edited=&#8220;on|tablet&#8220; custom_padding=&#8220;||||false|false&#8220; animation_direction=&#8220;top&#8220; text_font_size_tablet=&#8220;50px&#8220; text_font_size_phone=&#8220;30px&#8220; text_font_size_last_edited=&#8220;on|phone&#8220; header_font_size_tablet=&#8220;10vw&#8220; header_font_size_phone=&#8220;&#8220; header_font_size_last_edited=&#8220;on|phone&#8220; locked=&#8220;off&#8220; global_colors_info=&#8220;{}&#8220;]@ET-DC@eyJkeW5hbWljIjp0cnVlLCJjb250ZW50IjoicG9zdF90aXRsZSIsInNldHRpbmdzIjp7ImJlZm9yZSI6IiIsImFmdGVyIjoiIn19@[\/et_pb_text][\/et_pb_column][\/et_pb_row][et_pb_row column_structure=&#8220;1_2,1_2&#8243; _builder_version=&#8220;4.9.9&#8243; _module_preset=&#8220;default&#8220; custom_padding=&#8220;||0px|||&#8220; locked=&#8220;off&#8220; global_colors_info=&#8220;{}&#8220;][et_pb_column type=&#8220;1_2&#8243; _builder_version=&#8220;4.9.10&#8243; _module_preset=&#8220;default&#8220; z_index=&#8220;10&#8243; global_colors_info=&#8220;{}&#8220;][et_pb_image src=&#8220;https:\/\/marinasantandrea.it\/wp-content\/uploads\/2021\/09\/blue_flag_rgb-705&#215;529-1.jpeg&#8220; title_text=&#8220;blue_flag_rgb-705&#215;529&#8243; _builder_version=&#8220;4.9.9&#8243; _module_preset=&#8220;default&#8220; max_height_tablet=&#8220;400px&#8220; max_height_phone=&#8220;&#8220; max_height_last_edited=&#8220;on|phone&#8220; custom_margin=&#8220;||0px||false|false&#8220; custom_margin_tablet=&#8220;0%||||false|false&#8220; custom_margin_phone=&#8220;&#8220; custom_margin_last_edited=&#8220;on|desktop&#8220; locked=&#8220;off&#8220; global_colors_info=&#8220;{}&#8220;][\/et_pb_image][\/et_pb_column][et_pb_column type=&#8220;1_2&#8243; _builder_version=&#8220;4.9.9&#8243; _module_preset=&#8220;default&#8220; background_color=&#8220;#132B38&#8243; custom_padding=&#8220;80px|5%|16%|5%|false|true&#8220; custom_padding_tablet=&#8220;40px|30px|40px||true|false&#8220; custom_padding_phone=&#8220;|20px|||true|false&#8220; custom_padding_last_edited=&#8220;on|phone&#8220; box_shadow_style=&#8220;preset4&#8243; box_shadow_horizontal=&#8220;-180px&#8220; box_shadow_vertical=&#8220;0px&#8220; box_shadow_color=&#8220;gcid-46874eab-1479-4e97-a380-8c3d8f036d9c&#8220; global_colors_info=&#8220;{%22gcid-46874eab-1479-4e97-a380-8c3d8f036d9c%22:%91%22box_shadow_color%22%93}&#8220;][et_pb_text _builder_version=&#8220;4.9.9&#8243; _module_preset=&#8220;default&#8220; text_text_color=&#8220;#FFFFFF&#8220;]<\/p>\n<p>Bandiera Blu ist ein internationales Umweltg\u00fctesiegel, das 1987, im europ\u00e4ischen Jahr f\u00fcr die Umwelt, gegr\u00fcndet wurde. Diese Bescheinigung wird jedes Jahr 49 L\u00e4ndern zugewiesen; anf\u00e4nglich nur innereurop\u00e4isch, in den letzten Zeiten auch au\u00dfereurop\u00e4ischen L\u00e4ndern. Zwei UN-Einrichtungen unterst\u00fctzen das Programm: UNEP (Umweltprogramm der Vereinten Nationen) und WTO (Weltorganisation f\u00fcr Tourismus). In Zusammenarbeit mit der FEE (Foundation for Enviromental Education) wurde ein Protokoll unterschrieben. Die globale Zusammenarbeit und das Programm wurden von der UNESCO anerkannt und als f\u00fchrende Unternehmung bezeichnet.<\/p>\n<p>[\/et_pb_text][\/et_pb_column][\/et_pb_row][\/et_pb_section]<\/p>\n","protected":false},"excerpt":{"rendered":"<p>Bandiera Blu ist ein internationales Umweltg\u00fctesiegel, das 1987, im europ\u00e4ischen Jahr f\u00fcr die Umwelt, gegr\u00fcndet wurde. Diese Bescheinigung wird jedes Jahr 49 L\u00e4ndern zugewiesen; anf\u00e4nglich nur innereurop\u00e4isch, in den letzten Zeiten auch au\u00dfereurop\u00e4ischen L\u00e4ndern. Zwei UN-Einrichtungen unterst\u00fctzen das Programm: UNEP (Umweltprogramm der Vereinten Nationen) und WTO (Weltorganisation f\u00fcr Tourismus). In Zusammenarbeit mit der FEE (Foundation [&hellip;]<\/p>\n","protected":false},"author":1,"featured_media":0,"parent":0,"menu_order":0,"comment_status":"closed","ping_status":"closed","template":"","meta":{"_et_pb_use_builder":"on","_et_pb_old_content":"","_et_gb_content_width":"","footnotes":""},"class_list":["post-1814","page","type-page","status-publish","hentry"],"acf":[],"yoast_head":"<!-- This site is optimized with the Yoast SEO plugin v26.0 - https:\/\/yoast.com\/wordpress\/plugins\/seo\/ -->\n<title>Marina Sant&#039;Andrea ist &quot;Bandiera Blu&quot;<\/title>\n<meta name=\"description\" content=\"Bandiera Blu ist ein internationales Umweltg\u00fctesiegel, das 1987, im europ\u00e4ischen Jahr f\u00fcr die Umwelt, gegr\u00fcndet wurde.\" \/>\n<meta name=\"robots\" content=\"index, follow, max-snippet:-1, max-image-preview:large, max-video-preview:-1\" \/>\n<link rel=\"canonical\" href=\"https:\/\/marinasantandrea.it\/de\/bandiera-blu\/\" \/>\n<meta property=\"og:locale\" content=\"de_DE\" \/>\n<meta property=\"og:type\" content=\"article\" \/>\n<meta property=\"og:title\" content=\"Marina Sant&#039;Andrea ist &quot;Bandiera Blu&quot;\" \/>\n<meta property=\"og:description\" content=\"Bandiera Blu ist ein internationales Umweltg\u00fctesiegel, das 1987, im europ\u00e4ischen Jahr f\u00fcr die Umwelt, gegr\u00fcndet wurde.\" \/>\n<meta property=\"og:url\" content=\"https:\/\/marinasantandrea.it\/de\/bandiera-blu\/\" \/>\n<meta property=\"og:site_name\" content=\"Marina Sant&#039;Andrea\" \/>\n<meta property=\"article:publisher\" content=\"https:\/\/www.facebook.com\/shipyardmarinasantandrea\" \/>\n<meta property=\"article:modified_time\" content=\"2023-03-28T08:18:38+00:00\" \/>\n<meta name=\"twitter:card\" content=\"summary_large_image\" \/>\n<meta name=\"twitter:label1\" content=\"Gesch\u00e4tzte Lesezeit\" \/>\n\t<meta name=\"twitter:data1\" content=\"1\u00a0Minute\" \/>\n<script type=\"application\/ld+json\" class=\"yoast-schema-graph\">{\"@context\":\"https:\/\/schema.org\",\"@graph\":[{\"@type\":\"WebPage\",\"@id\":\"https:\/\/marinasantandrea.it\/de\/bandiera-blu\/\",\"url\":\"https:\/\/marinasantandrea.it\/de\/bandiera-blu\/\",\"name\":\"Marina Sant'Andrea ist \\\"Bandiera Blu\\\"\",\"isPartOf\":{\"@id\":\"https:\/\/marinasantandrea.it\/de\/#website\"},\"datePublished\":\"2022-06-22T15:43:30+00:00\",\"dateModified\":\"2023-03-28T08:18:38+00:00\",\"description\":\"Bandiera Blu ist ein internationales Umweltg\u00fctesiegel, das 1987, im europ\u00e4ischen Jahr f\u00fcr die Umwelt, gegr\u00fcndet wurde.\",\"breadcrumb\":{\"@id\":\"https:\/\/marinasantandrea.it\/de\/bandiera-blu\/#breadcrumb\"},\"inLanguage\":\"de\",\"potentialAction\":[{\"@type\":\"ReadAction\",\"target\":[\"https:\/\/marinasantandrea.it\/de\/bandiera-blu\/\"]}]},{\"@type\":\"BreadcrumbList\",\"@id\":\"https:\/\/marinasantandrea.it\/de\/bandiera-blu\/#breadcrumb\",\"itemListElement\":[{\"@type\":\"ListItem\",\"position\":1,\"name\":\"Home\",\"item\":\"https:\/\/marinasantandrea.it\/de\/\"},{\"@type\":\"ListItem\",\"position\":2,\"name\":\"Bandiera Blu\"}]},{\"@type\":\"WebSite\",\"@id\":\"https:\/\/marinasantandrea.it\/de\/#website\",\"url\":\"https:\/\/marinasantandrea.it\/de\/\",\"name\":\"Marina Sant'Andrea\",\"description\":\"Your Boat in Safe Hands\",\"publisher\":{\"@id\":\"https:\/\/marinasantandrea.it\/de\/#organization\"},\"potentialAction\":[{\"@type\":\"SearchAction\",\"target\":{\"@type\":\"EntryPoint\",\"urlTemplate\":\"https:\/\/marinasantandrea.it\/de\/?s={search_term_string}\"},\"query-input\":{\"@type\":\"PropertyValueSpecification\",\"valueRequired\":true,\"valueName\":\"search_term_string\"}}],\"inLanguage\":\"de\"},{\"@type\":\"Organization\",\"@id\":\"https:\/\/marinasantandrea.it\/de\/#organization\",\"name\":\"Marina Sant'Andrea\",\"url\":\"https:\/\/marinasantandrea.it\/de\/\",\"logo\":{\"@type\":\"ImageObject\",\"inLanguage\":\"de\",\"@id\":\"https:\/\/marinasantandrea.it\/de\/#\/schema\/logo\/image\/\",\"url\":\"https:\/\/marinasantandrea.it\/wp-content\/uploads\/2021\/11\/logo-300.png\",\"contentUrl\":\"https:\/\/marinasantandrea.it\/wp-content\/uploads\/2021\/11\/logo-300.png\",\"width\":300,\"height\":88,\"caption\":\"Marina Sant'Andrea\"},\"image\":{\"@id\":\"https:\/\/marinasantandrea.it\/de\/#\/schema\/logo\/image\/\"},\"sameAs\":[\"https:\/\/www.facebook.com\/shipyardmarinasantandrea\"]}]}<\/script>\n<!-- \/ Yoast SEO plugin. -->","yoast_head_json":{"title":"Marina Sant'Andrea ist \"Bandiera Blu\"","description":"Bandiera Blu ist ein internationales Umweltg\u00fctesiegel, das 1987, im europ\u00e4ischen Jahr f\u00fcr die Umwelt, gegr\u00fcndet wurde.","robots":{"index":"index","follow":"follow","max-snippet":"max-snippet:-1","max-image-preview":"max-image-preview:large","max-video-preview":"max-video-preview:-1"},"canonical":"https:\/\/marinasantandrea.it\/de\/bandiera-blu\/","og_locale":"de_DE","og_type":"article","og_title":"Marina Sant'Andrea ist \"Bandiera Blu\"","og_description":"Bandiera Blu ist ein internationales Umweltg\u00fctesiegel, das 1987, im europ\u00e4ischen Jahr f\u00fcr die Umwelt, gegr\u00fcndet wurde.","og_url":"https:\/\/marinasantandrea.it\/de\/bandiera-blu\/","og_site_name":"Marina Sant&#039;Andrea","article_publisher":"https:\/\/www.facebook.com\/shipyardmarinasantandrea","article_modified_time":"2023-03-28T08:18:38+00:00","twitter_card":"summary_large_image","twitter_misc":{"Gesch\u00e4tzte Lesezeit":"1\u00a0Minute"},"schema":{"@context":"https:\/\/schema.org","@graph":[{"@type":"WebPage","@id":"https:\/\/marinasantandrea.it\/de\/bandiera-blu\/","url":"https:\/\/marinasantandrea.it\/de\/bandiera-blu\/","name":"Marina Sant'Andrea ist \"Bandiera Blu\"","isPartOf":{"@id":"https:\/\/marinasantandrea.it\/de\/#website"},"datePublished":"2022-06-22T15:43:30+00:00","dateModified":"2023-03-28T08:18:38+00:00","description":"Bandiera Blu ist ein internationales Umweltg\u00fctesiegel, das 1987, im europ\u00e4ischen Jahr f\u00fcr die Umwelt, gegr\u00fcndet wurde.","breadcrumb":{"@id":"https:\/\/marinasantandrea.it\/de\/bandiera-blu\/#breadcrumb"},"inLanguage":"de","potentialAction":[{"@type":"ReadAction","target":["https:\/\/marinasantandrea.it\/de\/bandiera-blu\/"]}]},{"@type":"BreadcrumbList","@id":"https:\/\/marinasantandrea.it\/de\/bandiera-blu\/#breadcrumb","itemListElement":[{"@type":"ListItem","position":1,"name":"Home","item":"https:\/\/marinasantandrea.it\/de\/"},{"@type":"ListItem","position":2,"name":"Bandiera Blu"}]},{"@type":"WebSite","@id":"https:\/\/marinasantandrea.it\/de\/#website","url":"https:\/\/marinasantandrea.it\/de\/","name":"Marina Sant'Andrea","description":"Your Boat in Safe Hands","publisher":{"@id":"https:\/\/marinasantandrea.it\/de\/#organization"},"potentialAction":[{"@type":"SearchAction","target":{"@type":"EntryPoint","urlTemplate":"https:\/\/marinasantandrea.it\/de\/?s={search_term_string}"},"query-input":{"@type":"PropertyValueSpecification","valueRequired":true,"valueName":"search_term_string"}}],"inLanguage":"de"},{"@type":"Organization","@id":"https:\/\/marinasantandrea.it\/de\/#organization","name":"Marina Sant'Andrea","url":"https:\/\/marinasantandrea.it\/de\/","logo":{"@type":"ImageObject","inLanguage":"de","@id":"https:\/\/marinasantandrea.it\/de\/#\/schema\/logo\/image\/","url":"https:\/\/marinasantandrea.it\/wp-content\/uploads\/2021\/11\/logo-300.png","contentUrl":"https:\/\/marinasantandrea.it\/wp-content\/uploads\/2021\/11\/logo-300.png","width":300,"height":88,"caption":"Marina Sant'Andrea"},"image":{"@id":"https:\/\/marinasantandrea.it\/de\/#\/schema\/logo\/image\/"},"sameAs":["https:\/\/www.facebook.com\/shipyardmarinasantandrea"]}]}},"_links":{"self":[{"href":"https:\/\/marinasantandrea.it\/de\/wp-json\/wp\/v2\/pages\/1814","targetHints":{"allow":["GET"]}}],"collection":[{"href":"https:\/\/marinasantandrea.it\/de\/wp-json\/wp\/v2\/pages"}],"about":[{"href":"https:\/\/marinasantandrea.it\/de\/wp-json\/wp\/v2\/types\/page"}],"author":[{"embeddable":true,"href":"https:\/\/marinasantandrea.it\/de\/wp-json\/wp\/v2\/users\/1"}],"replies":[{"embeddable":true,"href":"https:\/\/marinasantandrea.it\/de\/wp-json\/wp\/v2\/comments?post=1814"}],"version-history":[{"count":2,"href":"https:\/\/marinasantandrea.it\/de\/wp-json\/wp\/v2\/pages\/1814\/revisions"}],"predecessor-version":[{"id":2406,"href":"https:\/\/marinasantandrea.it\/de\/wp-json\/wp\/v2\/pages\/1814\/revisions\/2406"}],"wp:attachment":[{"href":"https:\/\/marinasantandrea.it\/de\/wp-json\/wp\/v2\/media?parent=1814"}],"curies":[{"name":"wp","href":"https:\/\/api.w.org\/{rel}","templated":true}]}}